{"id":1615,"date":"2025-12-13T18:15:31","date_gmt":"2025-12-13T17:15:31","guid":{"rendered":"https:\/\/silly-davinci.185-59-211-253.plesk.page\/?page_id=1615"},"modified":"2026-02-27T20:37:45","modified_gmt":"2026-02-27T19:37:45","slug":"hirek","status":"publish","type":"page","link":"https:\/\/edeskert.hu\/de\/hirek\/","title":{"rendered":"H\u00edrek"},"content":{"rendered":"<div data-elementor-type=\"wp-page\" data-elementor-id=\"1615\" class=\"elementor elementor-1615\" data-elementor-post-type=\"page\">\n\t\t\t\t<div class=\"elementor-element elementor-element-d99733b e-con-full e-flex e-con e-parent\" data-id=\"d99733b\" data-element_type=\"container\" data-e-type=\"container\">\n\t\t\t\t<div class=\"elementor-element elementor-element-0abd606 elementor-widget elementor-widget-delishs_blog_post\" data-id=\"0abd606\" data-element_type=\"widget\" data-e-type=\"widget\" data-widget_type=\"delishs_blog_post.default\">\n\t\t\t\t<div class=\"elementor-widget-container\">\n\t\t\t\t\t\r\n            \r\n                <section class=\"blog section-space delishs-el-section\">\r\n                    <div class=\"container\">\r\n                        <div class=\"row delishs-title-layout g-24 mb-70 mb-sm-50 mb-xs-40 align-items-lg-end align-items-center\">\r\n                            <div class=\"col-xl-6\">\r\n                                <div class=\"section__title-wrapper text-center text-xl-start\">\r\n                                                                            <span class=\"delishs-el-section-subheading section__subtitle justify-content-start mb-10 mb-xs-5 wow clip-a-z\">\r\n                                            H\u00edrek                                        <\/span>\r\n                                                                                                                <h2 class=\"delishs-el-section-title section__title mb-0 title-animation\">\r\n                                            \u00d6sszes h\u00edr                                        <\/h2>\r\n                                                                    <\/div>\r\n                            <\/div>\r\n                            <div class=\"col-xl-6\">\r\n                                <div class=\"d-flex justify-content-xl-end mt-xs-10 mt-sm-10 mt-md-10 mt-lg-10 justify-content-center\">\r\n                                    <a href=\"https:\/\/edeskert.hu\/de\/\" target=\"_blank\" rel=\"nofollow\" class=\"rr-btn wow clip-a-z mb-15\">\r\n                                        <span class=\"hover-rl\"><\/span>\r\n                                        <span class=\"fake_hover\"><\/span>\r\n                                        <span class=\"btn-wrap\">\r\n                                            <span class=\"text-one\">\r\n                                                F\u0151oldal <img decoding=\"async\" src=\"https:\/\/edeskert.hu\/wp-content\/themes\/delishs\/assets\/imgs\/icon\/arrow-right-1.svg\" alt=\"not found\">\r\n                                            <\/span>\r\n                                            <span class=\"text-two\">\r\n                                                F\u0151oldal <img decoding=\"async\" src=\"https:\/\/edeskert.hu\/wp-content\/themes\/delishs\/assets\/imgs\/icon\/arrow-right-1.svg\" alt=\"not found\">\r\n                                            <\/span>\r\n                                        <\/span>\r\n                                    <\/a>\r\n                                <\/div>\r\n                            <\/div>\r\n                        <\/div>\r\n\r\n                        <div class=\"row g-24 mb-minus-24\">\r\n                                                                                            <div class=\"col-xl-4 col-md-6\">\r\n                                    <div class=\"blog__item mb-24\">\r\n                                        <div class=\"blog__item-media\">\r\n                                            <a href=\"https:\/\/edeskert.hu\/de\/edeskert-etterem-gasztro-elmenyek-a-szepasszony-volgy-kapujaban\/\">\r\n                                                <img fetchpriority=\"high\" decoding=\"async\" width=\"1024\" height=\"683\" src=\"https:\/\/edeskert.hu\/wp-content\/uploads\/2025\/12\/Edeskert-Etterem-Eger-Kulter.jpg\" class=\"attachment-full size-full wp-post-image\" alt=\"\" srcset=\"https:\/\/edeskert.hu\/wp-content\/uploads\/2025\/12\/Edeskert-Etterem-Eger-Kulter.jpg 1024w, https:\/\/edeskert.hu\/wp-content\/uploads\/2025\/12\/Edeskert-Etterem-Eger-Kulter-300x200.jpg 300w, https:\/\/edeskert.hu\/wp-content\/uploads\/2025\/12\/Edeskert-Etterem-Eger-Kulter-768x512.jpg 768w, https:\/\/edeskert.hu\/wp-content\/uploads\/2025\/12\/Edeskert-Etterem-Eger-Kulter-18x12.jpg 18w\" sizes=\"(max-width: 1024px) 100vw, 1024px\" \/>                                            <\/a>\r\n                                            <div class=\"blog__item-date\">\r\n                                                27 <span>Feb.<\/span>\r\n                                            <\/div>\r\n                                        <\/div>\r\n\r\n                                        <div class=\"blog__item-content\">\r\n                                            <div class=\"blog__item-content__top\">\r\n                                                <div class=\"blog__item-meta-tags d-flex flex-wrap\">\r\n                                                                                                            <a href=\"https:\/\/edeskert.hu\/de\/category\/edeskert\/\">\r\n                                                            \u00c9deskert                                                        <\/a>\r\n                                                                                                                                                        <\/div>\r\n                                                <h6 class=\"mt-15\">\r\n                                                    <a href=\"https:\/\/edeskert.hu\/de\/edeskert-etterem-gasztro-elmenyek-a-szepasszony-volgy-kapujaban\/\">\r\n                                                        \u00c9deskert \u00c9tterem: Gasztro-\u00e9lm\u00e9nyek a Sz\u00e9passzony-v\u00f6lgy kapuj\u00e1ban                                                    <\/a>\r\n                                                <\/h6>\r\n                                            <\/div>\r\n                                            <div class=\"blog__item-content__bottom\">\r\n                                                <div class=\"blog__item-content__bottom-text\">\r\n                                                    <a href=\"https:\/\/edeskert.hu\/de\/edeskert-etterem-gasztro-elmenyek-a-szepasszony-volgy-kapujaban\/#respond\">\r\n                                                        <i class=\"fa-solid fa-messages\"><\/i>\r\n                                                        <span>Keine Kommentare<\/span>\r\n                                                    <\/a>\r\n                                                <\/div>\r\n                                                <a href=\"https:\/\/edeskert.hu\/de\/edeskert-etterem-gasztro-elmenyek-a-szepasszony-volgy-kapujaban\/\" class=\"blog__item-content__bottom-readmore\">\r\n                                                    <svg width=\"18\" height=\"18\" viewbox=\"0 0 18 18\" fill=\"none\" xmlns=\"http:\/\/www.w3.org\/2000\/svg\">\r\n                                                        <path d=\"M6.5 1C7.7 1 14 1 17 1M17 1V10.5M17 1L1 17\" stroke=\"#74787C\" stroke-width=\"2\"\/>\r\n                                                    <\/svg>\r\n                                                <\/a>\r\n                                            <\/div>\r\n                                        <\/div>\r\n                                    <\/div>\r\n                                <\/div>\r\n                                                                <div class=\"col-xl-4 col-md-6\">\r\n                                    <div class=\"blog__item mb-24\">\r\n                                        <div class=\"blog__item-media\">\r\n                                            <a href=\"https:\/\/edeskert.hu\/de\/vii-hungarikum-piknik-egerben\/\">\r\n                                                <img decoding=\"async\" width=\"960\" height=\"540\" src=\"https:\/\/edeskert.hu\/wp-content\/uploads\/2026\/04\/641048249_1436781814909862_2045019104197025588_n.jpg\" class=\"attachment-full size-full wp-post-image\" alt=\"\" srcset=\"https:\/\/edeskert.hu\/wp-content\/uploads\/2026\/04\/641048249_1436781814909862_2045019104197025588_n.jpg 960w, https:\/\/edeskert.hu\/wp-content\/uploads\/2026\/04\/641048249_1436781814909862_2045019104197025588_n-300x169.jpg 300w, https:\/\/edeskert.hu\/wp-content\/uploads\/2026\/04\/641048249_1436781814909862_2045019104197025588_n-768x432.jpg 768w, https:\/\/edeskert.hu\/wp-content\/uploads\/2026\/04\/641048249_1436781814909862_2045019104197025588_n-18x10.jpg 18w\" sizes=\"(max-width: 960px) 100vw, 960px\" \/>                                            <\/a>\r\n                                            <div class=\"blog__item-date\">\r\n                                                08 <span>Apr.<\/span>\r\n                                            <\/div>\r\n                                        <\/div>\r\n\r\n                                        <div class=\"blog__item-content\">\r\n                                            <div class=\"blog__item-content__top\">\r\n                                                <div class=\"blog__item-meta-tags d-flex flex-wrap\">\r\n                                                                                                            <a href=\"https:\/\/edeskert.hu\/de\/category\/husvet\/\">\r\n                                                            H\u00fasv\u00e9t                                                        <\/a>\r\n                                                                                                                                                        <\/div>\r\n                                                <h6 class=\"mt-15\">\r\n                                                    <a href=\"https:\/\/edeskert.hu\/de\/vii-hungarikum-piknik-egerben\/\">\r\n                                                        H\u00fasv\u00e9ti \u00edzek \u00e9s hagyom\u00e1nyok: VII. Hungarikum                                                    <\/a>\r\n                                                <\/h6>\r\n                                            <\/div>\r\n                                            <div class=\"blog__item-content__bottom\">\r\n                                                <div class=\"blog__item-content__bottom-text\">\r\n                                                    <a href=\"https:\/\/edeskert.hu\/de\/vii-hungarikum-piknik-egerben\/#respond\">\r\n                                                        <i class=\"fa-solid fa-messages\"><\/i>\r\n                                                        <span>Keine Kommentare<\/span>\r\n                                                    <\/a>\r\n                                                <\/div>\r\n                                                <a href=\"https:\/\/edeskert.hu\/de\/vii-hungarikum-piknik-egerben\/\" class=\"blog__item-content__bottom-readmore\">\r\n                                                    <svg width=\"18\" height=\"18\" viewbox=\"0 0 18 18\" fill=\"none\" xmlns=\"http:\/\/www.w3.org\/2000\/svg\">\r\n                                                        <path d=\"M6.5 1C7.7 1 14 1 17 1M17 1V10.5M17 1L1 17\" stroke=\"#74787C\" stroke-width=\"2\"\/>\r\n                                                    <\/svg>\r\n                                                <\/a>\r\n                                            <\/div>\r\n                                        <\/div>\r\n                                    <\/div>\r\n                                <\/div>\r\n                                                                <div class=\"col-xl-4 col-md-6\">\r\n                                    <div class=\"blog__item mb-24\">\r\n                                        <div class=\"blog__item-media\">\r\n                                            <a href=\"https:\/\/edeskert.hu\/de\/csaladi-kikapcsolodas-az-edeskertben-gyereksarok-es-fustmentes-terasz\/\">\r\n                                                <img decoding=\"async\" width=\"960\" height=\"640\" src=\"https:\/\/edeskert.hu\/wp-content\/uploads\/2026\/04\/475013741_1204655508171824_3507471785859330519_n.jpg\" class=\"attachment-full size-full wp-post-image\" alt=\"\" srcset=\"https:\/\/edeskert.hu\/wp-content\/uploads\/2026\/04\/475013741_1204655508171824_3507471785859330519_n.jpg 960w, https:\/\/edeskert.hu\/wp-content\/uploads\/2026\/04\/475013741_1204655508171824_3507471785859330519_n-300x200.jpg 300w, https:\/\/edeskert.hu\/wp-content\/uploads\/2026\/04\/475013741_1204655508171824_3507471785859330519_n-768x512.jpg 768w, https:\/\/edeskert.hu\/wp-content\/uploads\/2026\/04\/475013741_1204655508171824_3507471785859330519_n-18x12.jpg 18w\" sizes=\"(max-width: 960px) 100vw, 960px\" \/>                                            <\/a>\r\n                                            <div class=\"blog__item-date\">\r\n                                                08 <span>Apr.<\/span>\r\n                                            <\/div>\r\n                                        <\/div>\r\n\r\n                                        <div class=\"blog__item-content\">\r\n                                            <div class=\"blog__item-content__top\">\r\n                                                <div class=\"blog__item-meta-tags d-flex flex-wrap\">\r\n                                                                                                            <a href=\"https:\/\/edeskert.hu\/de\/category\/edeskert\/\">\r\n                                                            \u00c9deskert                                                        <\/a>\r\n                                                                                                                                                        <\/div>\r\n                                                <h6 class=\"mt-15\">\r\n                                                    <a href=\"https:\/\/edeskert.hu\/de\/csaladi-kikapcsolodas-az-edeskertben-gyereksarok-es-fustmentes-terasz\/\">\r\n                                                        Csal\u00e1di kikapcsol\u00f3d\u00e1s az \u00c9deskertben: Gyereksarok \u00e9s                                                    <\/a>\r\n                                                <\/h6>\r\n                                            <\/div>\r\n                                            <div class=\"blog__item-content__bottom\">\r\n                                                <div class=\"blog__item-content__bottom-text\">\r\n                                                    <a href=\"https:\/\/edeskert.hu\/de\/csaladi-kikapcsolodas-az-edeskertben-gyereksarok-es-fustmentes-terasz\/#respond\">\r\n                                                        <i class=\"fa-solid fa-messages\"><\/i>\r\n                                                        <span>Keine Kommentare<\/span>\r\n                                                    <\/a>\r\n                                                <\/div>\r\n                                                <a href=\"https:\/\/edeskert.hu\/de\/csaladi-kikapcsolodas-az-edeskertben-gyereksarok-es-fustmentes-terasz\/\" class=\"blog__item-content__bottom-readmore\">\r\n                                                    <svg width=\"18\" height=\"18\" viewbox=\"0 0 18 18\" fill=\"none\" xmlns=\"http:\/\/www.w3.org\/2000\/svg\">\r\n                                                        <path d=\"M6.5 1C7.7 1 14 1 17 1M17 1V10.5M17 1L1 17\" stroke=\"#74787C\" stroke-width=\"2\"\/>\r\n                                                    <\/svg>\r\n                                                <\/a>\r\n                                            <\/div>\r\n                                        <\/div>\r\n                                    <\/div>\r\n                                <\/div>\r\n                                                                                    <\/div>\r\n                    <\/div>\r\n                <\/section>\r\n\r\n                        \r\n       \t\t\t\t<\/div>\n\t\t\t\t<\/div>\n\t\t\t\t<\/div>\n\t\t\t\t<\/div>","protected":false},"excerpt":{"rendered":"<p>H\u00edrek \u00d6sszes h\u00edr F\u0151oldal F\u0151oldal 27 febr \u00c9deskert \u00c9deskert \u00c9tterem: Gasztro-\u00e9lm\u00e9nyek a Sz\u00e9passzony-v\u00f6lgy kapuj\u00e1ban Nincs hozz\u00e1sz\u00f3l\u00e1s<\/p>","protected":false},"author":1,"featured_media":0,"parent":0,"menu_order":0,"comment_status":"closed","ping_status":"closed","template":"elementor_header_footer","meta":{"_acf_changed":false,"iawp_total_views":30,"footnotes":""},"class_list":["post-1615","page","type-page","status-publish","hentry"],"acf":[],"_links":{"self":[{"href":"https:\/\/edeskert.hu\/de\/wp-json\/wp\/v2\/pages\/1615","targetHints":{"allow":["GET"]}}],"collection":[{"href":"https:\/\/edeskert.hu\/de\/wp-json\/wp\/v2\/pages"}],"about":[{"href":"https:\/\/edeskert.hu\/de\/wp-json\/wp\/v2\/types\/page"}],"author":[{"embeddable":true,"href":"https:\/\/edeskert.hu\/de\/wp-json\/wp\/v2\/users\/1"}],"replies":[{"embeddable":true,"href":"https:\/\/edeskert.hu\/de\/wp-json\/wp\/v2\/comments?post=1615"}],"version-history":[{"count":12,"href":"https:\/\/edeskert.hu\/de\/wp-json\/wp\/v2\/pages\/1615\/revisions"}],"predecessor-version":[{"id":2525,"href":"https:\/\/edeskert.hu\/de\/wp-json\/wp\/v2\/pages\/1615\/revisions\/2525"}],"wp:attachment":[{"href":"https:\/\/edeskert.hu\/de\/wp-json\/wp\/v2\/media?parent=1615"}],"curies":[{"name":"wp","href":"https:\/\/api.w.org\/{rel}","templated":true}]}}